{"id":570,"date":"2020-08-01T18:50:42","date_gmt":"2020-08-01T18:50:42","guid":{"rendered":"https:\/\/leaderselling.com\/politica-privacidad\/"},"modified":"2020-10-02T09:57:41","modified_gmt":"2020-10-02T07:57:41","slug":"politica-privacitat","status":"publish","type":"page","link":"https:\/\/leaderselling.com\/ca\/politica-privacitat\/","title":{"rendered":"Pol\u00edtica de privacidad"},"content":{"rendered":"<div class=\"wpb-content-wrapper\"><p>[vc_row css_animation=&#8221;&#8221; row_type=&#8221;row&#8221; use_row_as_full_screen_section=&#8221;no&#8221; type=&#8221;grid&#8221; angled_section=&#8221;no&#8221; text_align=&#8221;left&#8221; background_image_as_pattern=&#8221;without_pattern&#8221; el_id=&#8221;cabecera-legal&#8221; z_index=&#8221;&#8221; background_image=&#8221;672&#8243;][vc_column][vc_column_text]<\/p>\n<h1>Pol\u00edtica de Privacitat<\/h1>\n<p>[\/vc_column_text][vc_column_text el_class=&#8221;subs&#8221;]Leader Selling[\/vc_column_text][\/vc_column][\/vc_row][vc_row css_animation=&#8221;&#8221; row_type=&#8221;row&#8221; use_row_as_full_screen_section=&#8221;no&#8221; type=&#8221;grid&#8221; angled_section=&#8221;no&#8221; text_align=&#8221;left&#8221; background_image_as_pattern=&#8221;without_pattern&#8221; z_index=&#8221;&#8221; el_id=&#8221;contenido&#8221;][vc_column][vc_empty_space height=&#8221;50px&#8221; el_class=&#8221;adaptable&#8221;][vc_column_text]Sonia Duro Limia (des d&#8217;ara, la titular), \u00e9s la responsable de tractament de dades personals i titular dels websites:<\/p>\n<ul>\n<li><a href=\"https:\/\/leaderselling.com\" target=\"_blank\" rel=\"noopener noreferrer\">https:\/\/leaderselling.com<\/a> (des d&#8217;ara, \u201cel website\u201d)<\/li>\n<li><a href=\"https:\/\/soniadurolimia.com\" target=\"_blank\" rel=\"noopener noreferrer\">https:\/\/soniadurolimia.com<\/a><\/li>\n<li><a href=\"https:\/\/cursocommunitymanagersdl.com\" target=\"_blank\" rel=\"noopener noreferrer\">https:\/\/cursocommunitymanagersdl.com<\/a>.<\/li>\n<\/ul>\n<p>Per tant, Sonia Duro Limia, \u00e9s propiet\u00e0ria, titular i responsable de tractament de<\/p>\n<ul>\n<li><a href=\"https:\/\/soniadurolimia.com\" target=\"_blank\" rel=\"noopener noreferrer\">https:\/\/soniadurolimia.com<\/a> i <a href=\"https:\/\/cursocommunitymanagersdl.com\" target=\"_blank\" rel=\"noopener noreferrer\">https:\/\/cursocommunitymanagersdl.com<\/a>.<\/li>\n<\/ul>\n<p>Pot accedir a la pol\u00edtica de privacitat dels mateixos en:<\/p>\n<ul>\n<li><a href=\"https:\/\/cursocommunitymanagersdl.com\/politica-privacidad\" target=\"_blank\" rel=\"noopener noreferrer\">https:\/\/cursocommunitymanagersdl.com\/politica-privacidad<\/a><\/li>\n<li><a href=\"https:\/\/soniadurolimia.com\/politica-privacidad\/\" target=\"_blank\" rel=\"noopener noreferrer\">https:\/\/soniadurolimia.com\/politica-privacidad\/<\/a><\/li>\n<\/ul>\n<p>La titular garanteix la protecci\u00f3 de totes les dades de car\u00e0cter personal que proporcioni l&#8217;usuari en el website.<\/p>\n<p>Segons all\u00f2 que s&#8217;ha fixat en el par\u00e0graf anterior, se l&#8217;informa que:<\/p>\n<p><em>En compliment del que s&#8217;estableix la Llei org\u00e0nica 3\/2018, de 5 de desembre, de Protecci\u00f3 de Dades Personals i Garantia dels Drets Digitals, aix\u00ed com amb l&#8217;actual legislaci\u00f3 vigent en mat\u00e8ria de protecci\u00f3 de dades recollida en el Reglament (UE) 2016\/679 del Parlament Europeu i del Consell, l&#8217;informem que mitjan\u00e7ant l&#8217;emplenament del present formulari est\u00e0 donant el consentiment expr\u00e9s, aix\u00ed com de totes les dades de car\u00e0cter personal que proporcioni l&#8217;usuari en el website, al fet que aquests quedin incorporats i siguin tractats en els registres d&#8217;activitats de tractament de dades personals respectives al present website i als altres dels quals SONIA DURO LIMIA , \u00e9s titular, <a href=\"https:\/\/soniadurolimia.com\" target=\"_blank\" rel=\"noopener noreferrer\">https:\/\/soniadurolimia.com<\/a> i <a href=\"https:\/\/cursocommunitymanagersdl.com\" target=\"_blank\" rel=\"noopener noreferrer\">https:\/\/cursocommunitymanagersdl.com<\/a> creat a aquest efecte i mantingut sota la responsabilitat de la titular.<\/em><\/p>\n<p>Per als clients, el tractament de les seves dades personals respon a la legitimaci\u00f3 derivada de l&#8217;execuci\u00f3 del contracte.<\/p>\n<h2>Identitat del Responsable de Tractament de les seves dades personals<\/h2>\n<p><strong>Identitat de la titular:<\/strong> Sonia Duro Limia<\/p>\n<p><strong>NIF:<\/strong> 02226402W<\/p>\n<p><strong>Adre\u00e7a:<\/strong> Gran Via de les Corts Catalans 997, 10\u00e8 4a. CP: 08020 Barcelona<\/p>\n<p><strong>Correu electr\u00f2nic:<\/strong> <a href=\"mailto:sonia@leaderselling.com\" target=\"_blank\" rel=\"noopener noreferrer\">sonia@leaderselling.com<\/a><\/p>\n<h2>Finalitats i temps de Conservaci\u00f3 de Dades Personals<\/h2>\n<p>Mitjan\u00e7ant l&#8217;emplenament dels formularis i altres formes de comunicaci\u00f3 presents en el website, l&#8217;usuari d\u00f3na el seu consentiment expr\u00e9s al fet que les dades de car\u00e0cter personal sol\u00b7licitats quedin incorporats i siguin tractats en el registre d&#8217;activitats de tractament de dades personals de creat a aquest efecte i mantingut sota la responsabilitat de Sonia Duro Limia.<\/p>\n<p>Els formularis de captaci\u00f3 de dades, les seves finalitats i temps de conservaci\u00f3, s\u00f3n els seg\u00fcents:<\/p>\n<ul>\n<li>Atendre, gestionar i resoldre les consultes, preguntes, propostes, petici\u00f3 de pressupostos i qualsevol altra informaci\u00f3 requerida per l&#8217;interessat. Les dades personals, per a aquesta finalitat, s\u00f3n facilitats mitjan\u00e7ant el formulari de contacte. Temps de conservaci\u00f3: mentre duri el tractament per a la gesti\u00f3 de les consultes.<\/li>\n<li>Mitjan\u00e7ant el formulari de contacte citat en el par\u00e0graf anterior, es procedeix a la recollida i tractament automatitzat de les dades personals a conseq\u00fc\u00e8ncia de la consulta, sol\u00b7licitud o subscripci\u00f3 de qualsevol servei\/s dels oferts pel propietari del website. Temps de conservaci\u00f3: mentre duri el tractament, tret que l&#8217;usuari exerceixi els seus drets de cancel\u00b7laci\u00f3 abans.<\/li>\n<li>Gestionar els comentaris del blog, mitjan\u00e7ant el formulari que possibilita aquests comentaris. El temps de conservaci\u00f3 ser\u00e0 mentre duri el tractament per a la gesti\u00f3 i moderaci\u00f3 de comentaris.<\/li>\n<li>Subscripci\u00f3 a la p\u00e0gina per a rebre les noves entrades en el blog. La subscripci\u00f3 es realitza, tamb\u00e9, mitjan\u00e7ant l&#8217;emplenament del formulari de newsletter. Temps de conservaci\u00f3: mentre duri el tractament, tret que l&#8217;usuari exerceixi els seus drets de cancel\u00b7laci\u00f3 abans.<\/li>\n<li>Recollida i tractament automatitzat de les dades personals, a conseq\u00fc\u00e8ncia de la navegaci\u00f3 per les p\u00e0gines del website (pots consultar la pol\u00edtica de cookies).<\/li>\n<\/ul>\n<h2>Legitimaci\u00f3 per al tractament de dades personals<\/h2>\n<p>El tractament de dades personals que duu a terme la titular, a trav\u00e9s del seu website, t\u00e9 com a base legal el consentiment. Aquest consentiment de l&#8217;interessat \u00e9s expr\u00e9s, lliure, espec\u00edfic, informat i inequ\u00edvoc.<\/p>\n<p>En els casos en els quals s&#8217;executin contractes de prestaci\u00f3 de serveis a trav\u00e9s de la web, la legitimaci\u00f3 derivar\u00e0 de l&#8217;execuci\u00f3 d&#8217;aquest contracte. Aix\u00ed mateix, existir\u00e0 inter\u00e8s leg\u00edtim en aquells casos en els quals l&#8217;interessat ja sigui client del responsable, per a la prevenci\u00f3 del frau i en el cas de tractament de dades personals amb finalitats de m\u00e0rqueting directe.<\/p>\n<p>En la recollida i el tractament de les dades de car\u00e0cter personal s&#8217;han adoptat les mesures de seguretat adequades per a evitar la p\u00e8rdua, l&#8217;acc\u00e9s no autoritzat o la manipulaci\u00f3 d&#8217;aquests, d&#8217;acord amb el que s&#8217;estableix en la legislaci\u00f3 anteriorment esmentada.<\/p>\n<p>La titular es compromet a protegir la informaci\u00f3 confidencial a la qual tingui acc\u00e9s.<\/p>\n<h2>Destinataris<\/h2>\n<p>La titular es compromet al fet que, aquestes dades personals no seran compartits o cedits a tercers sense el consentiment expr\u00e9s dels usuaris. La prestaci\u00f3 d&#8217;uns certs serveis, no obstant aix\u00f2, pot requerir de transfer\u00e8ncies de dades a tercers pa\u00efsos o entitats per a la gesti\u00f3 d&#8217;infraestructures o la provisi\u00f3 de serveis, com, per exemple, la gesti\u00f3 dels butlletins electr\u00f2nics. En aquests casos, es garanteix el seu allotjament en pa\u00efsos de la Uni\u00f3 Europea (i per tant el compliment del Reglament General de Protecci\u00f3 de Dades europeu) o que estiguin acollits a l&#8217;acord EU-US Privacy Shield, aprovat pel Comit\u00e8 Europeu de Protecci\u00f3 de Dades (consulta la informaci\u00f3 aqu\u00ed: <a href=\"https:\/\/www.privacyshield.gov\/list\" target=\"_blank\" rel=\"noopener noreferrer\">https:\/\/www.privacyshield.gov\/list<\/a>).<\/p>\n<p>En cap cas la transfer\u00e8ncia d&#8217;aquestes dades implicar\u00e0 un \u00fas que excedeixi el consentiment expressat als fins i condicions presents en aquesta pol\u00edtica de privacitat.<\/p>\n<ol>\n<li>En cas de facilitar-nos dades de car\u00e0cter personal d&#8217;altres persones sense indicar aquest fet a la titular, el fa amb el seu consentiment expr\u00e9s i havent estat informat, amb car\u00e0cter previ, dels extrems continguts en aquesta cl\u00e0usula. De la mateixa manera, preguem que ens comuniqui qualsevol variaci\u00f3 que pugui donar-se en les dades facilitades.La titular no es fa responsable de la cessi\u00f3 de dades de tercers que no hagin prestat el seu consentiment ni tinguin coneixement dels continguts de la present cl\u00e0usula, sent responsabilitat de la persona que cedeix aquestes dades a la titular del website.<\/li>\n<li>En cas de no facilitar les dades requerides, els serveis de la p\u00e0gina web podrien no estar disponibles \u00edntegrament. El fet de no facilitar el correu electr\u00f2nic, requisit per a la subscripci\u00f3 a la newsletter, o la seva incorrecta transcripci\u00f3 en el formulari, impediria realitzar les comunicacions que constitueixen la seva finalitat (al no poder-les rebre l&#8217;usuari). De no facilitar les dades requerides en el formulari de contacte (nom, email, assumpte i missatge), no es podrien dur a terme de manera satisfact\u00f2ria els serveis sol\u00b7licitats. La negaci\u00f3 a acceptar la pol\u00edtica de cookies podria suposar la p\u00e8rdua de funcionalitats de la p\u00e0gina web.<\/li>\n<li>L&#8217;usuari certifica que \u00e9s major de 14 anys i que per tant posseeix la capacitat legal necess\u00e0ria per a la prestaci\u00f3 del consentiment en compte al tractament de les seves dades de car\u00e0cter personal i tot aix\u00f2, de conformitat amb el que s&#8217;estableix en la present Pol\u00edtica de Privacitat.<\/li>\n<li>L&#8217;usuari compte, en tot moment, amb la possibilitat d&#8217;exercitar els Drets ARC-POL, enviant comunicaci\u00f3 dirigida al propietari del website a l&#8217;adre\u00e7a de correu electr\u00f2nic <a href=\"mailto:sonia@leaderselling.com\" target=\"_blank\" rel=\"noopener noreferrer\">sonia@leaderselling.com<\/a>.<\/li>\n<li>L&#8217;interessat t\u00e9 dret a rebre les dades personals que el concerneixen, que hagi facilitat a un responsable del tractament, en un format estructurat, d&#8217;\u00fas com\u00fa i llegible per m\u00e0quina i t\u00e9 dret a transmetre aquestes dades a un altre responsable del tractament sense impediments del responsable del tractament al qual hagi facilitat les dades.<\/li>\n<li>En determinades circumst\u00e0ncies, els interessats podran sol\u00b7licitar la limitaci\u00f3 del tractament de les seves dades, i en aquest cas \u00fanicament els conservarem per a l&#8217;exercici o la defensa de reclamacions.<\/li>\n<li>En el cas que s&#8217;hagi atorgat el consentiment per a alguna finalitat espec\u00edfica, t\u00e9 dret a retirar el consentiment en qualsevol moment, sense que aix\u00f2 afecti la licitud del tractament basat en el consentiment previ a la seva retirada.<\/li>\n<li>Els interessats poden presentar una reclamaci\u00f3 davant l&#8217;Autoritat de Control en mat\u00e8ria de Protecci\u00f3 de Dades competent quan no hagin obtingut satisfacci\u00f3 en l&#8217;exercici dels seus drets.<\/li>\n<li>El consentiment expr\u00e9s manifestat en emplenar el formulari d&#8217;inscripci\u00f3, compr\u00e8n tamb\u00e9 el seg\u00fcent:\n<ul>\n<li>La titular es reserva el dret a subcontractar a empleats per a la prestaci\u00f3 de serveis de diversa \u00edndole en el per al convenient desenvolupament i organitzaci\u00f3 de l&#8217;activitat del website.<\/li>\n<li>De la mateixa manera, es reserva el dret a contractar tercers per al tractament i gesti\u00f3 de les q\u00fcestions d&#8217;\u00e0mbit legislatiu en general i, del relatiu a protecci\u00f3 de dades en concret. En tots aquests casos, la titular, obligar\u00e0 a l&#8217;empresa contractada i\/o professional particular i als encarregats de la gesti\u00f3 del tractament de les dades personals cedides, a signar un document de confidencialitat de dades personals per a assegurar la privacitat d&#8217;aquesta informaci\u00f3.<\/li>\n<li>L&#8217;usuari consent en qu\u00e8 se cedeixin les seves dades personals quan aix\u00ed sigui requerit per les Autoritats administratives competents o per mandat judicial.<\/li>\n<\/ul>\n<\/li>\n<li>L&#8217;usuari autoritza el tractament de les dades personals cedides al titular en els termes establerts en la present cl\u00e0usula.<\/li>\n<\/ol>\n<p>[\/vc_column_text][vc_empty_space height=&#8221;50px&#8221; el_class=&#8221;adaptable&#8221;][\/vc_column][\/vc_row]<\/p>\n<\/div>","protected":false},"excerpt":{"rendered":"<p>[vc_row css_animation=&#8221;&#8221; row_type=&#8221;row&#8221; use_row_as_full_screen_section=&#8221;no&#8221; type=&#8221;grid&#8221; angled_section=&#8221;no&#8221; text_align=&#8221;left&#8221; background_image_as_pattern=&#8221;without_pattern&#8221; el_id=&#8221;cabecera-legal&#8221; z_index=&#8221;&#8221; background_image=&#8221;672&#8243;][vc_column][vc_column_text] Pol\u00edtica de Privacitat [\/vc_column_text][vc_column_text el_class=&#8221;subs&#8221;]Leader Selling[\/vc_column_text][\/vc_column][\/vc_row][vc_row css_animation=&#8221;&#8221; row_type=&#8221;row&#8221; use_row_as_full_screen_section=&#8221;no&#8221; type=&#8221;grid&#8221; angled_section=&#8221;no&#8221; text_align=&#8221;left&#8221; background_image_as_pattern=&#8221;without_pattern&#8221; z_index=&#8221;&#8221; el_id=&#8221;contenido&#8221;][vc_column][vc_empty_space height=&#8221;50px&#8221; el_class=&#8221;adaptable&#8221;][vc_column_text]Sonia Duro Limia (des d&#8217;ara, la titular), \u00e9s la responsable de tractament de dades personals i titular dels&#8230;<\/p>\n","protected":false},"author":1,"featured_media":735,"parent":0,"menu_order":0,"comment_status":"closed","ping_status":"closed","template":"","meta":{"_acf_changed":false,"_monsterinsights_skip_tracking":false,"_monsterinsights_sitenote_active":false,"_monsterinsights_sitenote_note":"","_monsterinsights_sitenote_category":0,"footnotes":""},"class_list":["post-570","page","type-page","status-publish","has-post-thumbnail","hentry"],"acf":[],"yoast_head":"<!-- This site is optimized with the Yoast SEO plugin v27.4 - https:\/\/yoast.com\/product\/yoast-seo-wordpress\/ -->\n<title>Pol\u00edtica de privacidad - Leaderselling<\/title>\n<meta name=\"robots\" content=\"noindex, nofollow\" \/>\n<meta property=\"og:locale\" content=\"ca_ES\" \/>\n<meta property=\"og:type\" content=\"article\" \/>\n<meta property=\"og:title\" content=\"Pol\u00edtica de privacidad - Leaderselling\" \/>\n<meta property=\"og:description\" content=\"[vc_row css_animation=&#8221;&#8221; row_type=&#8221;row&#8221; use_row_as_full_screen_section=&#8221;no&#8221; type=&#8221;grid&#8221; angled_section=&#8221;no&#8221; text_align=&#8221;left&#8221; background_image_as_pattern=&#8221;without_pattern&#8221; el_id=&#8221;cabecera-legal&#8221; z_index=&#8221;&#8221; background_image=&#8221;672&#8243;][vc_column][vc_column_text] Pol\u00edtica de Privacitat [\/vc_column_text][vc_column_text el_class=&#8221;subs&#8221;]Leader Selling[\/vc_column_text][\/vc_column][\/vc_row][vc_row css_animation=&#8221;&#8221; row_type=&#8221;row&#8221; use_row_as_full_screen_section=&#8221;no&#8221; type=&#8221;grid&#8221; angled_section=&#8221;no&#8221; text_align=&#8221;left&#8221; background_image_as_pattern=&#8221;without_pattern&#8221; z_index=&#8221;&#8221; el_id=&#8221;contenido&#8221;][vc_column][vc_empty_space height=&#8221;50px&#8221; el_class=&#8221;adaptable&#8221;][vc_column_text]Sonia Duro Limia (des d&#8217;ara, la titular), \u00e9s la responsable de tractament de dades personals i titular dels...\" \/>\n<meta property=\"og:url\" content=\"https:\/\/leaderselling.com\/ca\/politica-privacitat\/\" \/>\n<meta property=\"og:site_name\" content=\"Leaderselling\" \/>\n<meta property=\"article:publisher\" content=\"https:\/\/www.facebook.com\/leaderselling\/\" \/>\n<meta property=\"article:modified_time\" content=\"2020-10-02T07:57:41+00:00\" \/>\n<meta property=\"og:image\" content=\"https:\/\/leaderselling.com\/wp-content\/uploads\/2020\/08\/Leader-Selling-Redes-Sociales-Catalan.jpg\" \/>\n\t<meta property=\"og:image:width\" content=\"1200\" \/>\n\t<meta property=\"og:image:height\" content=\"630\" \/>\n\t<meta property=\"og:image:type\" content=\"image\/jpeg\" \/>\n<meta name=\"twitter:card\" content=\"summary_large_image\" \/>\n<meta name=\"twitter:site\" content=\"@LeaderSelling\" \/>\n<meta name=\"twitter:label1\" content=\"Temps estimat de lectura\" \/>\n\t<meta name=\"twitter:data1\" content=\"8 minuts\" \/>\n<script type=\"application\/ld+json\" class=\"yoast-schema-graph\">{\"@context\":\"https:\\\/\\\/schema.org\",\"@graph\":[{\"@type\":\"WebPage\",\"@id\":\"https:\\\/\\\/leaderselling.com\\\/ca\\\/politica-privacitat\\\/\",\"url\":\"https:\\\/\\\/leaderselling.com\\\/ca\\\/politica-privacitat\\\/\",\"name\":\"Pol\u00edtica de privacidad - Leaderselling\",\"isPartOf\":{\"@id\":\"https:\\\/\\\/leaderselling.com\\\/ca\\\/#website\"},\"primaryImageOfPage\":{\"@id\":\"https:\\\/\\\/leaderselling.com\\\/ca\\\/politica-privacitat\\\/#primaryimage\"},\"image\":{\"@id\":\"https:\\\/\\\/leaderselling.com\\\/ca\\\/politica-privacitat\\\/#primaryimage\"},\"thumbnailUrl\":\"https:\\\/\\\/leaderselling.com\\\/wp-content\\\/uploads\\\/2020\\\/08\\\/Leader-Selling-Redes-Sociales-Catalan.jpg\",\"datePublished\":\"2020-08-01T18:50:42+00:00\",\"dateModified\":\"2020-10-02T07:57:41+00:00\",\"breadcrumb\":{\"@id\":\"https:\\\/\\\/leaderselling.com\\\/ca\\\/politica-privacitat\\\/#breadcrumb\"},\"inLanguage\":\"ca\",\"potentialAction\":[{\"@type\":\"ReadAction\",\"target\":[\"https:\\\/\\\/leaderselling.com\\\/ca\\\/politica-privacitat\\\/\"]}]},{\"@type\":\"ImageObject\",\"inLanguage\":\"ca\",\"@id\":\"https:\\\/\\\/leaderselling.com\\\/ca\\\/politica-privacitat\\\/#primaryimage\",\"url\":\"https:\\\/\\\/leaderselling.com\\\/wp-content\\\/uploads\\\/2020\\\/08\\\/Leader-Selling-Redes-Sociales-Catalan.jpg\",\"contentUrl\":\"https:\\\/\\\/leaderselling.com\\\/wp-content\\\/uploads\\\/2020\\\/08\\\/Leader-Selling-Redes-Sociales-Catalan.jpg\",\"width\":1200,\"height\":630,\"caption\":\"Leader Selling - Redes Sociales Catalan\"},{\"@type\":\"BreadcrumbList\",\"@id\":\"https:\\\/\\\/leaderselling.com\\\/ca\\\/politica-privacitat\\\/#breadcrumb\",\"itemListElement\":[{\"@type\":\"ListItem\",\"position\":1,\"name\":\"Portada\",\"item\":\"https:\\\/\\\/leaderselling.com\\\/ca\\\/\"},{\"@type\":\"ListItem\",\"position\":2,\"name\":\"Pol\u00edtica de privacidad\"}]},{\"@type\":\"WebSite\",\"@id\":\"https:\\\/\\\/leaderselling.com\\\/ca\\\/#website\",\"url\":\"https:\\\/\\\/leaderselling.com\\\/ca\\\/\",\"name\":\"Leaderselling\",\"description\":\"\",\"publisher\":{\"@id\":\"https:\\\/\\\/leaderselling.com\\\/ca\\\/#organization\"},\"potentialAction\":[{\"@type\":\"SearchAction\",\"target\":{\"@type\":\"EntryPoint\",\"urlTemplate\":\"https:\\\/\\\/leaderselling.com\\\/ca\\\/?s={search_term_string}\"},\"query-input\":{\"@type\":\"PropertyValueSpecification\",\"valueRequired\":true,\"valueName\":\"search_term_string\"}}],\"inLanguage\":\"ca\"},{\"@type\":\"Organization\",\"@id\":\"https:\\\/\\\/leaderselling.com\\\/ca\\\/#organization\",\"name\":\"Leader Selling\",\"url\":\"https:\\\/\\\/leaderselling.com\\\/ca\\\/\",\"logo\":{\"@type\":\"ImageObject\",\"inLanguage\":\"ca\",\"@id\":\"https:\\\/\\\/leaderselling.com\\\/ca\\\/#\\\/schema\\\/logo\\\/image\\\/\",\"url\":\"https:\\\/\\\/leaderselling.com\\\/wp-content\\\/uploads\\\/2020\\\/08\\\/Leader-Selling-Logo-Negro.png\",\"contentUrl\":\"https:\\\/\\\/leaderselling.com\\\/wp-content\\\/uploads\\\/2020\\\/08\\\/Leader-Selling-Logo-Negro.png\",\"width\":144,\"height\":50,\"caption\":\"Leader Selling\"},\"image\":{\"@id\":\"https:\\\/\\\/leaderselling.com\\\/ca\\\/#\\\/schema\\\/logo\\\/image\\\/\"},\"sameAs\":[\"https:\\\/\\\/www.facebook.com\\\/leaderselling\\\/\",\"https:\\\/\\\/x.com\\\/LeaderSelling\",\"https:\\\/\\\/www.instagram.com\\\/leaderselling\\\/\",\"https:\\\/\\\/www.linkedin.com\\\/company\\\/leader-selling\"]}]}<\/script>\n<!-- \/ Yoast SEO plugin. -->","yoast_head_json":{"title":"Pol\u00edtica de privacidad - Leaderselling","robots":{"index":"noindex","follow":"nofollow"},"og_locale":"ca_ES","og_type":"article","og_title":"Pol\u00edtica de privacidad - Leaderselling","og_description":"[vc_row css_animation=&#8221;&#8221; row_type=&#8221;row&#8221; use_row_as_full_screen_section=&#8221;no&#8221; type=&#8221;grid&#8221; angled_section=&#8221;no&#8221; text_align=&#8221;left&#8221; background_image_as_pattern=&#8221;without_pattern&#8221; el_id=&#8221;cabecera-legal&#8221; z_index=&#8221;&#8221; background_image=&#8221;672&#8243;][vc_column][vc_column_text] Pol\u00edtica de Privacitat [\/vc_column_text][vc_column_text el_class=&#8221;subs&#8221;]Leader Selling[\/vc_column_text][\/vc_column][\/vc_row][vc_row css_animation=&#8221;&#8221; row_type=&#8221;row&#8221; use_row_as_full_screen_section=&#8221;no&#8221; type=&#8221;grid&#8221; angled_section=&#8221;no&#8221; text_align=&#8221;left&#8221; background_image_as_pattern=&#8221;without_pattern&#8221; z_index=&#8221;&#8221; el_id=&#8221;contenido&#8221;][vc_column][vc_empty_space height=&#8221;50px&#8221; el_class=&#8221;adaptable&#8221;][vc_column_text]Sonia Duro Limia (des d&#8217;ara, la titular), \u00e9s la responsable de tractament de dades personals i titular dels...","og_url":"https:\/\/leaderselling.com\/ca\/politica-privacitat\/","og_site_name":"Leaderselling","article_publisher":"https:\/\/www.facebook.com\/leaderselling\/","article_modified_time":"2020-10-02T07:57:41+00:00","og_image":[{"width":1200,"height":630,"url":"https:\/\/leaderselling.com\/wp-content\/uploads\/2020\/08\/Leader-Selling-Redes-Sociales-Catalan.jpg","type":"image\/jpeg"}],"twitter_card":"summary_large_image","twitter_site":"@LeaderSelling","twitter_misc":{"Temps estimat de lectura":"8 minuts"},"schema":{"@context":"https:\/\/schema.org","@graph":[{"@type":"WebPage","@id":"https:\/\/leaderselling.com\/ca\/politica-privacitat\/","url":"https:\/\/leaderselling.com\/ca\/politica-privacitat\/","name":"Pol\u00edtica de privacidad - Leaderselling","isPartOf":{"@id":"https:\/\/leaderselling.com\/ca\/#website"},"primaryImageOfPage":{"@id":"https:\/\/leaderselling.com\/ca\/politica-privacitat\/#primaryimage"},"image":{"@id":"https:\/\/leaderselling.com\/ca\/politica-privacitat\/#primaryimage"},"thumbnailUrl":"https:\/\/leaderselling.com\/wp-content\/uploads\/2020\/08\/Leader-Selling-Redes-Sociales-Catalan.jpg","datePublished":"2020-08-01T18:50:42+00:00","dateModified":"2020-10-02T07:57:41+00:00","breadcrumb":{"@id":"https:\/\/leaderselling.com\/ca\/politica-privacitat\/#breadcrumb"},"inLanguage":"ca","potentialAction":[{"@type":"ReadAction","target":["https:\/\/leaderselling.com\/ca\/politica-privacitat\/"]}]},{"@type":"ImageObject","inLanguage":"ca","@id":"https:\/\/leaderselling.com\/ca\/politica-privacitat\/#primaryimage","url":"https:\/\/leaderselling.com\/wp-content\/uploads\/2020\/08\/Leader-Selling-Redes-Sociales-Catalan.jpg","contentUrl":"https:\/\/leaderselling.com\/wp-content\/uploads\/2020\/08\/Leader-Selling-Redes-Sociales-Catalan.jpg","width":1200,"height":630,"caption":"Leader Selling - Redes Sociales Catalan"},{"@type":"BreadcrumbList","@id":"https:\/\/leaderselling.com\/ca\/politica-privacitat\/#breadcrumb","itemListElement":[{"@type":"ListItem","position":1,"name":"Portada","item":"https:\/\/leaderselling.com\/ca\/"},{"@type":"ListItem","position":2,"name":"Pol\u00edtica de privacidad"}]},{"@type":"WebSite","@id":"https:\/\/leaderselling.com\/ca\/#website","url":"https:\/\/leaderselling.com\/ca\/","name":"Leaderselling","description":"","publisher":{"@id":"https:\/\/leaderselling.com\/ca\/#organization"},"potentialAction":[{"@type":"SearchAction","target":{"@type":"EntryPoint","urlTemplate":"https:\/\/leaderselling.com\/ca\/?s={search_term_string}"},"query-input":{"@type":"PropertyValueSpecification","valueRequired":true,"valueName":"search_term_string"}}],"inLanguage":"ca"},{"@type":"Organization","@id":"https:\/\/leaderselling.com\/ca\/#organization","name":"Leader Selling","url":"https:\/\/leaderselling.com\/ca\/","logo":{"@type":"ImageObject","inLanguage":"ca","@id":"https:\/\/leaderselling.com\/ca\/#\/schema\/logo\/image\/","url":"https:\/\/leaderselling.com\/wp-content\/uploads\/2020\/08\/Leader-Selling-Logo-Negro.png","contentUrl":"https:\/\/leaderselling.com\/wp-content\/uploads\/2020\/08\/Leader-Selling-Logo-Negro.png","width":144,"height":50,"caption":"Leader Selling"},"image":{"@id":"https:\/\/leaderselling.com\/ca\/#\/schema\/logo\/image\/"},"sameAs":["https:\/\/www.facebook.com\/leaderselling\/","https:\/\/x.com\/LeaderSelling","https:\/\/www.instagram.com\/leaderselling\/","https:\/\/www.linkedin.com\/company\/leader-selling"]}]}},"_links":{"self":[{"href":"https:\/\/leaderselling.com\/ca\/wp-json\/wp\/v2\/pages\/570","targetHints":{"allow":["GET"]}}],"collection":[{"href":"https:\/\/leaderselling.com\/ca\/wp-json\/wp\/v2\/pages"}],"about":[{"href":"https:\/\/leaderselling.com\/ca\/wp-json\/wp\/v2\/types\/page"}],"author":[{"embeddable":true,"href":"https:\/\/leaderselling.com\/ca\/wp-json\/wp\/v2\/users\/1"}],"replies":[{"embeddable":true,"href":"https:\/\/leaderselling.com\/ca\/wp-json\/wp\/v2\/comments?post=570"}],"version-history":[{"count":0,"href":"https:\/\/leaderselling.com\/ca\/wp-json\/wp\/v2\/pages\/570\/revisions"}],"wp:featuredmedia":[{"embeddable":true,"href":"https:\/\/leaderselling.com\/ca\/wp-json\/wp\/v2\/media\/735"}],"wp:attachment":[{"href":"https:\/\/leaderselling.com\/ca\/wp-json\/wp\/v2\/media?parent=570"}],"curies":[{"name":"wp","href":"https:\/\/api.w.org\/{rel}","templated":true}]}}